{"id":19771,"date":"2026-04-23T11:51:39","date_gmt":"2026-04-23T11:51:39","guid":{"rendered":"https:\/\/www.inmola.com\/product\/spark-grow-yillik\/"},"modified":"2026-04-23T11:51:39","modified_gmt":"2026-04-23T11:51:39","slug":"spark-grow-yillik","status":"publish","type":"product","link":"https:\/\/www.inmola.com\/tr\/urun\/spark-grow-yillik\/","title":{"rendered":"Spark &#8211; Grow \/ y\u0131ll\u0131k"},"content":{"rendered":"<p class=\"font-claude-response-body break-words whitespace-normal leading-[1.7]\">Spark Grow, ivmenin ustal\u0131\u011fa d\u00f6n\u00fc\u015ft\u00fc\u011f\u00fc yerdir. K\u00f6kl\u00fc markalar ve dijital avantajlar\u0131n\u0131 katlamaya haz\u0131r b\u00fcy\u00fcyen ekipler i\u00e7in geli\u015ftirilen bu sistem, erken ivmeyi s\u00fcrd\u00fcr\u00fclebilir pazar liderli\u011fine d\u00f6n\u00fc\u015ft\u00fcr\u00fcr. Geli\u015fmi\u015f yapay zeka, daha derin analitik katmanlar ve geni\u015fletilmi\u015f stratejik mod\u00fcllerle desteklenen Spark Grow, rakiplerini geride b\u0131rakman\u0131, yeni alanlar fethetmeni ve her seviyede i\u00e7g\u00f6r\u00fcy\u00fc eyleme d\u00f6n\u00fc\u015ft\u00fcrmeni sa\u011flar. InMola&#8217;n\u0131n m\u00fchendislik temeli \u00fczerinde varl\u0131\u011f\u0131n\u0131 b\u00fcy\u00fct, konumland\u0131rman\u0131 keskinle\u015ftir ve b\u00fcy\u00fcme y\u00f6r\u00fcngeni h\u0131zland\u0131r.<\/p>\n<p class=\"font-claude-response-body break-words whitespace-normal leading-[1.7]\">Bu paketle sahip olduklar\u0131n:<\/p>\n<ul class=\"[li_&amp;]:mb-0 [li_&amp;]:mt-1 [li_&amp;]:gap-1 [&amp;:not(:last-child)_ul]:pb-1 [&amp;:not(:last-child)_ol]:pb-1 list-disc flex flex-col gap-1 pl-8 mb-3\">\n<li class=\"whitespace-normal break-words pl-2\">Dijital G\u00fc\u00e7 <em>(Spark Launch Paketi dahil)<\/em><\/li>\n<li class=\"whitespace-normal break-words pl-2\">Yapay Zeka G\u00f6r\u00fcn\u00fcrl\u00fc\u011f\u00fc <em>(Spark Launch Paketi dahil)<\/em><\/li>\n<li class=\"whitespace-normal break-words pl-2\">Anahtar Kelimeler<em>(Spark Launch Paketi dahil)<\/em><\/li>\n<li class=\"whitespace-normal break-words pl-2\">En Son Haberler <em>(Spark Launch Paketi dahil)<\/em><\/li>\n<li class=\"whitespace-normal break-words pl-2\">Pazarlama Plan\u0131<em>(Spark Launch Paketi dahil)<\/em><\/li>\n<li class=\"whitespace-normal break-words pl-2\">Pareto Skoru <em>(Spark Launch Paketi dahil)<\/em><\/li>\n<li class=\"whitespace-normal break-words pl-2\">\u0130\u00e7erik Plan\u0131<em>(Spark Launch Paketi dahil)<\/em><\/li>\n<li class=\"whitespace-normal break-words pl-2\">MarSec<\/li>\n<li class=\"whitespace-normal break-words pl-2\">Marka Trendi<\/li>\n<li class=\"whitespace-normal break-words pl-2\">Sosyal Medya<\/li>\n<li class=\"whitespace-normal break-words pl-2\">Reklam<\/li>\n<li>Web Ki\u015fiselle\u015ftirme<\/li>\n<li class=\"whitespace-normal break-words pl-2\">G\u00f6rsel Etki ( +Bonus)<\/li>\n<\/ul>\n<p class=\"font-claude-response-body break-words whitespace-normal leading-[1.7]\">&#8220;inMOLA Spark&#8221;, kurumsal d\u00fczeyde yapay zeka pazarlama zekas\u0131n\u0131 k\u00fc\u00e7\u00fck ve orta \u00f6l\u00e7ekli i\u015fletmelere getiriyor \u2014 otomatik veri, ger\u00e7ek zamanl\u0131 i\u00e7g\u00f6r\u00fcler ve yapay zeka destekli \u00f6neriler. \u00dc\u00e7 paket, s\u0131f\u0131r kurulum \u00fccreti, an\u0131nda aktivasyon.<\/p>\n","protected":false},"excerpt":{"rendered":"<p>\u201cinMOLA Spark\u201d, kurumsal d\u00fczeyde yapay zeka pazarlama zekas\u0131n\u0131 k\u00fc\u00e7\u00fck ve orta \u00f6l\u00e7ekli i\u015fletmelere getiriyor \u2014 otomatik veri, ger\u00e7ek zamanl\u0131 i\u00e7g\u00f6r\u00fcler ve yapay zeka destekli \u00f6neriler. \u00dc\u00e7 paket, s\u0131f\u0131r kurulum \u00fccreti, an\u0131nda aktivasyon.<\/p>\n","protected":false},"featured_media":18759,"template":"","meta":[],"product_brand":[],"product_cat":[227],"product_tag":[228],"class_list":{"0":"post-19771","1":"product","2":"type-product","3":"status-publish","4":"has-post-thumbnail","6":"product_cat-spark","7":"product_tag-spark","9":"first","10":"instock","11":"sale","12":"virtual","13":"purchasable","14":"product-type-simple"},"acf":[],"yoast_head":"<!-- This site is optimized with the Yoast SEO plugin v27.5 - https:\/\/yoast.com\/product\/yoast-seo-wordpress\/ -->\n<title>Spark - Grow \/ y\u0131ll\u0131k - inMOLA<\/title>\n<meta name=\"robots\" content=\"index, follow, max-snippet:-1, max-image-preview:large, max-video-preview:-1\" \/>\n<link rel=\"canonical\" href=\"https:\/\/www.inmola.com\/tr\/urun\/spark-grow-yillik\/\" \/>\n<meta property=\"og:locale\" content=\"tr_TR\" \/>\n<meta property=\"og:type\" content=\"article\" \/>\n<meta property=\"og:title\" content=\"Spark - Grow \/ y\u0131ll\u0131k - inMOLA\" \/>\n<meta property=\"og:description\" content=\"\u201cinMOLA Spark\u201d, kurumsal d\u00fczeyde yapay zeka pazarlama zekas\u0131n\u0131 k\u00fc\u00e7\u00fck ve orta \u00f6l\u00e7ekli i\u015fletmelere getiriyor \u2014 otomatik veri, ger\u00e7ek zamanl\u0131 i\u00e7g\u00f6r\u00fcler ve yapay zeka destekli \u00f6neriler. \u00dc\u00e7 paket, s\u0131f\u0131r kurulum \u00fccreti, an\u0131nda aktivasyon.\" \/>\n<meta property=\"og:url\" content=\"https:\/\/www.inmola.com\/tr\/urun\/spark-grow-yillik\/\" \/>\n<meta property=\"og:site_name\" content=\"inMOLA\" \/>\n<meta property=\"og:image\" content=\"https:\/\/www.inmola.com\/wp-content\/uploads\/2026\/04\/spark_grow.png\" \/>\n\t<meta property=\"og:image:width\" content=\"1200\" \/>\n\t<meta property=\"og:image:height\" content=\"1200\" \/>\n\t<meta property=\"og:image:type\" content=\"image\/png\" \/>\n<meta name=\"twitter:card\" content=\"summary_large_image\" \/>\n<meta name=\"twitter:label1\" content=\"Tahmini okuma s\u00fcresi\" \/>\n\t<meta name=\"twitter:data1\" content=\"1 dakika\" \/>\n<script type=\"application\/ld+json\" class=\"yoast-schema-graph\">{\"@context\":\"https:\\\/\\\/schema.org\",\"@graph\":[{\"@type\":\"WebPage\",\"@id\":\"https:\\\/\\\/www.inmola.com\\\/tr\\\/urun\\\/spark-grow-yillik\\\/\",\"url\":\"https:\\\/\\\/www.inmola.com\\\/tr\\\/urun\\\/spark-grow-yillik\\\/\",\"name\":\"Spark - Grow \\\/ y\u0131ll\u0131k - inMOLA\",\"isPartOf\":{\"@id\":\"https:\\\/\\\/www.inmola.com\\\/tr\\\/#website\"},\"primaryImageOfPage\":{\"@id\":\"https:\\\/\\\/www.inmola.com\\\/tr\\\/urun\\\/spark-grow-yillik\\\/#primaryimage\"},\"image\":{\"@id\":\"https:\\\/\\\/www.inmola.com\\\/tr\\\/urun\\\/spark-grow-yillik\\\/#primaryimage\"},\"thumbnailUrl\":\"https:\\\/\\\/www.inmola.com\\\/wp-content\\\/uploads\\\/2026\\\/04\\\/spark_grow.png\",\"datePublished\":\"2026-04-23T11:51:39+00:00\",\"breadcrumb\":{\"@id\":\"https:\\\/\\\/www.inmola.com\\\/tr\\\/urun\\\/spark-grow-yillik\\\/#breadcrumb\"},\"inLanguage\":\"tr\",\"potentialAction\":[{\"@type\":\"ReadAction\",\"target\":[\"https:\\\/\\\/www.inmola.com\\\/tr\\\/urun\\\/spark-grow-yillik\\\/\"]}]},{\"@type\":\"ImageObject\",\"inLanguage\":\"tr\",\"@id\":\"https:\\\/\\\/www.inmola.com\\\/tr\\\/urun\\\/spark-grow-yillik\\\/#primaryimage\",\"url\":\"https:\\\/\\\/www.inmola.com\\\/wp-content\\\/uploads\\\/2026\\\/04\\\/spark_grow.png\",\"contentUrl\":\"https:\\\/\\\/www.inmola.com\\\/wp-content\\\/uploads\\\/2026\\\/04\\\/spark_grow.png\",\"width\":1200,\"height\":1200},{\"@type\":\"BreadcrumbList\",\"@id\":\"https:\\\/\\\/www.inmola.com\\\/tr\\\/urun\\\/spark-grow-yillik\\\/#breadcrumb\",\"itemListElement\":[{\"@type\":\"ListItem\",\"position\":1,\"name\":\"Home\",\"item\":\"https:\\\/\\\/www.inmola.com\\\/tr\\\/\"},{\"@type\":\"ListItem\",\"position\":2,\"name\":\"Ma\u011faza\",\"item\":\"https:\\\/\\\/www.inmola.com\\\/tr\\\/magaza\\\/\"},{\"@type\":\"ListItem\",\"position\":3,\"name\":\"Spark &#8211; Grow \\\/ y\u0131ll\u0131k\"}]},{\"@type\":\"WebSite\",\"@id\":\"https:\\\/\\\/www.inmola.com\\\/tr\\\/#website\",\"url\":\"https:\\\/\\\/www.inmola.com\\\/tr\\\/\",\"name\":\"inMOLA\",\"description\":\"AI-Powered Marketing Decision Intelligence - Erkan Terzi\",\"potentialAction\":[{\"@type\":\"SearchAction\",\"target\":{\"@type\":\"EntryPoint\",\"urlTemplate\":\"https:\\\/\\\/www.inmola.com\\\/tr\\\/?s={search_term_string}\"},\"query-input\":{\"@type\":\"PropertyValueSpecification\",\"valueRequired\":true,\"valueName\":\"search_term_string\"}}],\"inLanguage\":\"tr\"}]}<\/script>\n<!-- \/ Yoast SEO plugin. -->","yoast_head_json":{"title":"Spark - Grow \/ y\u0131ll\u0131k - inMOLA","robots":{"index":"index","follow":"follow","max-snippet":"max-snippet:-1","max-image-preview":"max-image-preview:large","max-video-preview":"max-video-preview:-1"},"canonical":"https:\/\/www.inmola.com\/tr\/urun\/spark-grow-yillik\/","og_locale":"tr_TR","og_type":"article","og_title":"Spark - Grow \/ y\u0131ll\u0131k - inMOLA","og_description":"\u201cinMOLA Spark\u201d, kurumsal d\u00fczeyde yapay zeka pazarlama zekas\u0131n\u0131 k\u00fc\u00e7\u00fck ve orta \u00f6l\u00e7ekli i\u015fletmelere getiriyor \u2014 otomatik veri, ger\u00e7ek zamanl\u0131 i\u00e7g\u00f6r\u00fcler ve yapay zeka destekli \u00f6neriler. \u00dc\u00e7 paket, s\u0131f\u0131r kurulum \u00fccreti, an\u0131nda aktivasyon.","og_url":"https:\/\/www.inmola.com\/tr\/urun\/spark-grow-yillik\/","og_site_name":"inMOLA","og_image":[{"width":1200,"height":1200,"url":"https:\/\/www.inmola.com\/wp-content\/uploads\/2026\/04\/spark_grow.png","type":"image\/png"}],"twitter_card":"summary_large_image","twitter_misc":{"Tahmini okuma s\u00fcresi":"1 dakika"},"schema":{"@context":"https:\/\/schema.org","@graph":[{"@type":"WebPage","@id":"https:\/\/www.inmola.com\/tr\/urun\/spark-grow-yillik\/","url":"https:\/\/www.inmola.com\/tr\/urun\/spark-grow-yillik\/","name":"Spark - Grow \/ y\u0131ll\u0131k - inMOLA","isPartOf":{"@id":"https:\/\/www.inmola.com\/tr\/#website"},"primaryImageOfPage":{"@id":"https:\/\/www.inmola.com\/tr\/urun\/spark-grow-yillik\/#primaryimage"},"image":{"@id":"https:\/\/www.inmola.com\/tr\/urun\/spark-grow-yillik\/#primaryimage"},"thumbnailUrl":"https:\/\/www.inmola.com\/wp-content\/uploads\/2026\/04\/spark_grow.png","datePublished":"2026-04-23T11:51:39+00:00","breadcrumb":{"@id":"https:\/\/www.inmola.com\/tr\/urun\/spark-grow-yillik\/#breadcrumb"},"inLanguage":"tr","potentialAction":[{"@type":"ReadAction","target":["https:\/\/www.inmola.com\/tr\/urun\/spark-grow-yillik\/"]}]},{"@type":"ImageObject","inLanguage":"tr","@id":"https:\/\/www.inmola.com\/tr\/urun\/spark-grow-yillik\/#primaryimage","url":"https:\/\/www.inmola.com\/wp-content\/uploads\/2026\/04\/spark_grow.png","contentUrl":"https:\/\/www.inmola.com\/wp-content\/uploads\/2026\/04\/spark_grow.png","width":1200,"height":1200},{"@type":"BreadcrumbList","@id":"https:\/\/www.inmola.com\/tr\/urun\/spark-grow-yillik\/#breadcrumb","itemListElement":[{"@type":"ListItem","position":1,"name":"Home","item":"https:\/\/www.inmola.com\/tr\/"},{"@type":"ListItem","position":2,"name":"Ma\u011faza","item":"https:\/\/www.inmola.com\/tr\/magaza\/"},{"@type":"ListItem","position":3,"name":"Spark &#8211; Grow \/ y\u0131ll\u0131k"}]},{"@type":"WebSite","@id":"https:\/\/www.inmola.com\/tr\/#website","url":"https:\/\/www.inmola.com\/tr\/","name":"inMOLA","description":"AI-Powered Marketing Decision Intelligence - Erkan Terzi","potentialAction":[{"@type":"SearchAction","target":{"@type":"EntryPoint","urlTemplate":"https:\/\/www.inmola.com\/tr\/?s={search_term_string}"},"query-input":{"@type":"PropertyValueSpecification","valueRequired":true,"valueName":"search_term_string"}}],"inLanguage":"tr"}]}},"_links":{"self":[{"href":"https:\/\/www.inmola.com\/tr\/wp-json\/wp\/v2\/product\/19771","targetHints":{"allow":["GET"]}}],"collection":[{"href":"https:\/\/www.inmola.com\/tr\/wp-json\/wp\/v2\/product"}],"about":[{"href":"https:\/\/www.inmola.com\/tr\/wp-json\/wp\/v2\/types\/product"}],"wp:featuredmedia":[{"embeddable":true,"href":"https:\/\/www.inmola.com\/tr\/wp-json\/wp\/v2\/media\/18759"}],"wp:attachment":[{"href":"https:\/\/www.inmola.com\/tr\/wp-json\/wp\/v2\/media?parent=19771"}],"wp:term":[{"taxonomy":"product_brand","embeddable":true,"href":"https:\/\/www.inmola.com\/tr\/wp-json\/wp\/v2\/product_brand?post=19771"},{"taxonomy":"product_cat","embeddable":true,"href":"https:\/\/www.inmola.com\/tr\/wp-json\/wp\/v2\/product_cat?post=19771"},{"taxonomy":"product_tag","embeddable":true,"href":"https:\/\/www.inmola.com\/tr\/wp-json\/wp\/v2\/product_tag?post=19771"}],"curies":[{"name":"wp","href":"https:\/\/api.w.org\/{rel}","templated":true}]}}