{"id":19767,"date":"2026-04-22T20:14:58","date_gmt":"2026-04-22T20:14:58","guid":{"rendered":"https:\/\/www.inmola.com\/product\/spark-launch-yillik\/"},"modified":"2026-04-29T16:53:49","modified_gmt":"2026-04-29T16:53:49","slug":"spark-launch-yillik","status":"publish","type":"product","link":"https:\/\/www.inmola.com\/tr\/urun\/spark-launch-yillik\/","title":{"rendered":"Spark &#8211; Launch \/ y\u0131ll\u0131k"},"content":{"rendered":"<p>Spark Launch, \u015firketler i\u00e7in inMOLA kapsam\u0131nda ilk \u00e7al\u0131\u015fma ad\u0131m\u0131 olarak nitelendirilebilir. H\u0131zl\u0131 bir ba\u015flang\u0131\u00e7 arayan yeni markalar ve ekipler i\u00e7in tasarlanan bu paket karma\u015f\u0131k kurulumu ortadan kald\u0131r\u0131r ve markan\u0131z\u0131n ilgili inMOLA \u00e7al\u0131\u015fmalar\u0131n\u0131 dakikalar i\u00e7inde yay\u0131na al\u0131r. Yapay zeka destekli i\u00e7erik \u00fcretimi, temel analizler ve \u00e7ok dilli bir kontrol paneliyle g\u00fc\u00e7lendirilmi\u015f Spark Launch, size \u00f6ncelikli ihtiyac\u0131n\u0131z olan her \u015feyi sunar \u2014 ve fazlas\u0131n\u0131 de\u011fil. Pazara \u00e7\u0131k\u0131\u015f s\u00fcrenizi h\u0131zland\u0131r\u0131n, ilk sinyalini g\u00fcvenle g\u00f6nderin ve InMola&#8217;n\u0131n m\u00fchendislik temeli \u00fczerinde b\u00fcy\u00fcme yolculu\u011funa ba\u015flay\u0131n.<\/p>\n<p><strong>Bu paketle kullanaca\u011f\u0131n\u0131z mod\u00fcller:<\/strong><\/p>\n<ul>\n<li>Dijital G\u00fc\u00e7<\/li>\n<li class=\"whitespace-normal break-words\">Yapay Zeka G\u00f6r\u00fcn\u00fcrl\u00fc\u011f\u00fc *<\/li>\n<li class=\"whitespace-normal break-words\">Anahtar Kelimeler<\/li>\n<li class=\"whitespace-normal break-words\">En \u00c7ok Okunan Haberler<\/li>\n<li class=\"whitespace-normal break-words\">Pazarlama Plan\u0131<\/li>\n<li class=\"whitespace-normal break-words\">Pareto Skoru<\/li>\n<li>\u0130\u00e7erik Plan\u0131 ( +Bonus)<\/li>\n<\/ul>\n<p>\u201cinMOLA Spark\u201d, kurumsal d\u00fczeyde yapay zeka pazarlama zekas\u0131n\u0131 k\u00fc\u00e7\u00fck ve orta \u00f6l\u00e7ekli i\u015fletmelere getiriyor \u2014 otomatik veri, ger\u00e7ek zamanl\u0131 i\u00e7g\u00f6r\u00fcler ve yapay zeka destekli \u00f6neriler sunar. S\u0131f\u0131r kurulum \u00fccreti, an\u0131nda aktivasyon.<\/p>\n","protected":false},"excerpt":{"rendered":"<p data-id=\"b621781\" data-element_type=\"widget\" data-e-type=\"widget\" data-settings=\"{\" data-widget_type=\"text-editor.default\">\u201cinMOLA Spark\u201d, kurumsal d\u00fczeyde yapay zeka pazarlama zekas\u0131n\u0131 k\u00fc\u00e7\u00fck ve orta \u00f6l\u00e7ekli i\u015fletmelere getiriyor \u2014 otomatik veri, ger\u00e7ek zamanl\u0131 i\u00e7g\u00f6r\u00fcler ve yapay zeka destekli \u00f6neriler. \u00c7al\u0131\u015fmalar\u0131n\u0131z\u0131 daha \u00fcst seviyelere ta\u015f\u0131yarak sahip oldu\u011funuz de\u011feri y\u00fckseltin.<\/p>\n<section class=\"elementor-section elementor-top-section elementor-element elementor-element-54f1f5b2 elementor-section-boxed elementor-section-height-default elementor-section-height-default\" data-id=\"54f1f5b2\" data-element_type=\"section\" data-e-type=\"section\">\n<div class=\"elementor-container elementor-column-gap-no\">\n<div class=\"elementor-column elementor-col-100 elementor-top-column elementor-element elementor-element-62fb288a\" data-id=\"62fb288a\" data-element_type=\"column\" data-e-type=\"column\">\n<div class=\"elementor-widget-wrap elementor-element-populated\">\n<section class=\"elementor-section elementor-inner-section elementor-element elementor-element-5c00a6a2 elementor-section-full_width elementor-section-height-default elementor-section-height-default\" data-id=\"5c00a6a2\" data-element_type=\"section\" data-e-type=\"section\">\n<div id=\"dl_parallax_ele-5c00a6a2\" class=\"dl_parallax_ele-wrapper\"><\/div>\n<div class=\"elementor-container elementor-column-gap-no\">\n<div class=\"elementor-column elementor-col-50 elementor-inner-column elementor-element elementor-element-58488884\" data-id=\"58488884\" data-element_type=\"column\" data-e-type=\"column\">\n<div class=\"elementor-widget-wrap elementor-element-populated\">\n<div class=\"elementor-element elementor-element-52d59941 elementor-widget elementor-widget-Saasland_heading\" data-id=\"52d59941\" data-element_type=\"widget\" data-e-type=\"widget\" data-widget_type=\"Saasland_heading.default\">\n<div class=\"elementor-widget-container\">\n<div class=\"heading_wrap d-flex justify-content-start\"><\/div>\n<\/div>\n<\/div>\n<\/div>\n<\/div>\n<\/div>\n<\/section>\n<\/div>\n<\/div>\n<\/div>\n<\/section>\n","protected":false},"featured_media":18662,"template":"","meta":[],"product_brand":[],"product_cat":[227],"product_tag":[228],"class_list":{"0":"post-19767","1":"product","2":"type-product","3":"status-publish","4":"has-post-thumbnail","6":"product_cat-spark","7":"product_tag-spark","9":"first","10":"instock","11":"sale","12":"virtual","13":"purchasable","14":"product-type-simple"},"acf":[],"yoast_head":"<!-- This site is optimized with the Yoast SEO plugin v27.5 - https:\/\/yoast.com\/product\/yoast-seo-wordpress\/ -->\n<title>Spark - Launch \/ y\u0131ll\u0131k - inMOLA<\/title>\n<meta name=\"robots\" content=\"index, follow, max-snippet:-1, max-image-preview:large, max-video-preview:-1\" \/>\n<link rel=\"canonical\" href=\"https:\/\/www.inmola.com\/tr\/urun\/spark-launch-yillik\/\" \/>\n<meta property=\"og:locale\" content=\"tr_TR\" \/>\n<meta property=\"og:type\" content=\"article\" \/>\n<meta property=\"og:title\" content=\"Spark - Launch \/ y\u0131ll\u0131k - inMOLA\" \/>\n<meta property=\"og:description\" content=\"\u201cinMOLA Spark\u201d, kurumsal d\u00fczeyde yapay zeka pazarlama zekas\u0131n\u0131 k\u00fc\u00e7\u00fck ve orta \u00f6l\u00e7ekli i\u015fletmelere getiriyor \u2014 otomatik veri, ger\u00e7ek zamanl\u0131 i\u00e7g\u00f6r\u00fcler ve yapay zeka destekli \u00f6neriler. \u00c7al\u0131\u015fmalar\u0131n\u0131z\u0131 daha \u00fcst seviyelere ta\u015f\u0131yarak sahip oldu\u011funuz de\u011feri y\u00fckseltin.\" \/>\n<meta property=\"og:url\" content=\"https:\/\/www.inmola.com\/tr\/urun\/spark-launch-yillik\/\" \/>\n<meta property=\"og:site_name\" content=\"inMOLA\" \/>\n<meta property=\"article:modified_time\" content=\"2026-04-29T16:53:49+00:00\" \/>\n<meta property=\"og:image\" content=\"https:\/\/www.inmola.com\/wp-content\/uploads\/2026\/04\/spark_launch.png\" \/>\n\t<meta property=\"og:image:width\" content=\"1200\" \/>\n\t<meta property=\"og:image:height\" content=\"1200\" \/>\n\t<meta property=\"og:image:type\" content=\"image\/png\" \/>\n<meta name=\"twitter:card\" content=\"summary_large_image\" \/>\n<meta name=\"twitter:label1\" content=\"Tahmini okuma s\u00fcresi\" \/>\n\t<meta name=\"twitter:data1\" content=\"1 dakika\" \/>\n<script type=\"application\/ld+json\" class=\"yoast-schema-graph\">{\"@context\":\"https:\\\/\\\/schema.org\",\"@graph\":[{\"@type\":\"WebPage\",\"@id\":\"https:\\\/\\\/www.inmola.com\\\/tr\\\/urun\\\/spark-launch-yillik\\\/\",\"url\":\"https:\\\/\\\/www.inmola.com\\\/tr\\\/urun\\\/spark-launch-yillik\\\/\",\"name\":\"Spark - Launch \\\/ y\u0131ll\u0131k - inMOLA\",\"isPartOf\":{\"@id\":\"https:\\\/\\\/www.inmola.com\\\/tr\\\/#website\"},\"primaryImageOfPage\":{\"@id\":\"https:\\\/\\\/www.inmola.com\\\/tr\\\/urun\\\/spark-launch-yillik\\\/#primaryimage\"},\"image\":{\"@id\":\"https:\\\/\\\/www.inmola.com\\\/tr\\\/urun\\\/spark-launch-yillik\\\/#primaryimage\"},\"thumbnailUrl\":\"https:\\\/\\\/www.inmola.com\\\/wp-content\\\/uploads\\\/2026\\\/04\\\/spark_launch.png\",\"datePublished\":\"2026-04-22T20:14:58+00:00\",\"dateModified\":\"2026-04-29T16:53:49+00:00\",\"breadcrumb\":{\"@id\":\"https:\\\/\\\/www.inmola.com\\\/tr\\\/urun\\\/spark-launch-yillik\\\/#breadcrumb\"},\"inLanguage\":\"tr\",\"potentialAction\":[{\"@type\":\"ReadAction\",\"target\":[\"https:\\\/\\\/www.inmola.com\\\/tr\\\/urun\\\/spark-launch-yillik\\\/\"]}]},{\"@type\":\"ImageObject\",\"inLanguage\":\"tr\",\"@id\":\"https:\\\/\\\/www.inmola.com\\\/tr\\\/urun\\\/spark-launch-yillik\\\/#primaryimage\",\"url\":\"https:\\\/\\\/www.inmola.com\\\/wp-content\\\/uploads\\\/2026\\\/04\\\/spark_launch.png\",\"contentUrl\":\"https:\\\/\\\/www.inmola.com\\\/wp-content\\\/uploads\\\/2026\\\/04\\\/spark_launch.png\",\"width\":1200,\"height\":1200},{\"@type\":\"BreadcrumbList\",\"@id\":\"https:\\\/\\\/www.inmola.com\\\/tr\\\/urun\\\/spark-launch-yillik\\\/#breadcrumb\",\"itemListElement\":[{\"@type\":\"ListItem\",\"position\":1,\"name\":\"Home\",\"item\":\"https:\\\/\\\/www.inmola.com\\\/tr\\\/\"},{\"@type\":\"ListItem\",\"position\":2,\"name\":\"Ma\u011faza\",\"item\":\"https:\\\/\\\/www.inmola.com\\\/tr\\\/magaza\\\/\"},{\"@type\":\"ListItem\",\"position\":3,\"name\":\"Spark &#8211; Launch \\\/ y\u0131ll\u0131k\"}]},{\"@type\":\"WebSite\",\"@id\":\"https:\\\/\\\/www.inmola.com\\\/tr\\\/#website\",\"url\":\"https:\\\/\\\/www.inmola.com\\\/tr\\\/\",\"name\":\"inMOLA\",\"description\":\"AI-Powered Marketing Decision Intelligence - Erkan Terzi\",\"potentialAction\":[{\"@type\":\"SearchAction\",\"target\":{\"@type\":\"EntryPoint\",\"urlTemplate\":\"https:\\\/\\\/www.inmola.com\\\/tr\\\/?s={search_term_string}\"},\"query-input\":{\"@type\":\"PropertyValueSpecification\",\"valueRequired\":true,\"valueName\":\"search_term_string\"}}],\"inLanguage\":\"tr\"}]}<\/script>\n<!-- \/ Yoast SEO plugin. -->","yoast_head_json":{"title":"Spark - Launch \/ y\u0131ll\u0131k - inMOLA","robots":{"index":"index","follow":"follow","max-snippet":"max-snippet:-1","max-image-preview":"max-image-preview:large","max-video-preview":"max-video-preview:-1"},"canonical":"https:\/\/www.inmola.com\/tr\/urun\/spark-launch-yillik\/","og_locale":"tr_TR","og_type":"article","og_title":"Spark - Launch \/ y\u0131ll\u0131k - inMOLA","og_description":"\u201cinMOLA Spark\u201d, kurumsal d\u00fczeyde yapay zeka pazarlama zekas\u0131n\u0131 k\u00fc\u00e7\u00fck ve orta \u00f6l\u00e7ekli i\u015fletmelere getiriyor \u2014 otomatik veri, ger\u00e7ek zamanl\u0131 i\u00e7g\u00f6r\u00fcler ve yapay zeka destekli \u00f6neriler. \u00c7al\u0131\u015fmalar\u0131n\u0131z\u0131 daha \u00fcst seviyelere ta\u015f\u0131yarak sahip oldu\u011funuz de\u011feri y\u00fckseltin.","og_url":"https:\/\/www.inmola.com\/tr\/urun\/spark-launch-yillik\/","og_site_name":"inMOLA","article_modified_time":"2026-04-29T16:53:49+00:00","og_image":[{"width":1200,"height":1200,"url":"https:\/\/www.inmola.com\/wp-content\/uploads\/2026\/04\/spark_launch.png","type":"image\/png"}],"twitter_card":"summary_large_image","twitter_misc":{"Tahmini okuma s\u00fcresi":"1 dakika"},"schema":{"@context":"https:\/\/schema.org","@graph":[{"@type":"WebPage","@id":"https:\/\/www.inmola.com\/tr\/urun\/spark-launch-yillik\/","url":"https:\/\/www.inmola.com\/tr\/urun\/spark-launch-yillik\/","name":"Spark - Launch \/ y\u0131ll\u0131k - inMOLA","isPartOf":{"@id":"https:\/\/www.inmola.com\/tr\/#website"},"primaryImageOfPage":{"@id":"https:\/\/www.inmola.com\/tr\/urun\/spark-launch-yillik\/#primaryimage"},"image":{"@id":"https:\/\/www.inmola.com\/tr\/urun\/spark-launch-yillik\/#primaryimage"},"thumbnailUrl":"https:\/\/www.inmola.com\/wp-content\/uploads\/2026\/04\/spark_launch.png","datePublished":"2026-04-22T20:14:58+00:00","dateModified":"2026-04-29T16:53:49+00:00","breadcrumb":{"@id":"https:\/\/www.inmola.com\/tr\/urun\/spark-launch-yillik\/#breadcrumb"},"inLanguage":"tr","potentialAction":[{"@type":"ReadAction","target":["https:\/\/www.inmola.com\/tr\/urun\/spark-launch-yillik\/"]}]},{"@type":"ImageObject","inLanguage":"tr","@id":"https:\/\/www.inmola.com\/tr\/urun\/spark-launch-yillik\/#primaryimage","url":"https:\/\/www.inmola.com\/wp-content\/uploads\/2026\/04\/spark_launch.png","contentUrl":"https:\/\/www.inmola.com\/wp-content\/uploads\/2026\/04\/spark_launch.png","width":1200,"height":1200},{"@type":"BreadcrumbList","@id":"https:\/\/www.inmola.com\/tr\/urun\/spark-launch-yillik\/#breadcrumb","itemListElement":[{"@type":"ListItem","position":1,"name":"Home","item":"https:\/\/www.inmola.com\/tr\/"},{"@type":"ListItem","position":2,"name":"Ma\u011faza","item":"https:\/\/www.inmola.com\/tr\/magaza\/"},{"@type":"ListItem","position":3,"name":"Spark &#8211; Launch \/ y\u0131ll\u0131k"}]},{"@type":"WebSite","@id":"https:\/\/www.inmola.com\/tr\/#website","url":"https:\/\/www.inmola.com\/tr\/","name":"inMOLA","description":"AI-Powered Marketing Decision Intelligence - Erkan Terzi","potentialAction":[{"@type":"SearchAction","target":{"@type":"EntryPoint","urlTemplate":"https:\/\/www.inmola.com\/tr\/?s={search_term_string}"},"query-input":{"@type":"PropertyValueSpecification","valueRequired":true,"valueName":"search_term_string"}}],"inLanguage":"tr"}]}},"_links":{"self":[{"href":"https:\/\/www.inmola.com\/tr\/wp-json\/wp\/v2\/product\/19767","targetHints":{"allow":["GET"]}}],"collection":[{"href":"https:\/\/www.inmola.com\/tr\/wp-json\/wp\/v2\/product"}],"about":[{"href":"https:\/\/www.inmola.com\/tr\/wp-json\/wp\/v2\/types\/product"}],"wp:featuredmedia":[{"embeddable":true,"href":"https:\/\/www.inmola.com\/tr\/wp-json\/wp\/v2\/media\/18662"}],"wp:attachment":[{"href":"https:\/\/www.inmola.com\/tr\/wp-json\/wp\/v2\/media?parent=19767"}],"wp:term":[{"taxonomy":"product_brand","embeddable":true,"href":"https:\/\/www.inmola.com\/tr\/wp-json\/wp\/v2\/product_brand?post=19767"},{"taxonomy":"product_cat","embeddable":true,"href":"https:\/\/www.inmola.com\/tr\/wp-json\/wp\/v2\/product_cat?post=19767"},{"taxonomy":"product_tag","embeddable":true,"href":"https:\/\/www.inmola.com\/tr\/wp-json\/wp\/v2\/product_tag?post=19767"}],"curies":[{"name":"wp","href":"https:\/\/api.w.org\/{rel}","templated":true}]}}