{"id":19729,"date":"2026-04-23T18:28:56","date_gmt":"2026-04-23T18:28:56","guid":{"rendered":"https:\/\/www.inmola.com\/?post_type=product&#038;p=19729"},"modified":"2026-04-28T14:55:01","modified_gmt":"2026-04-28T14:55:01","slug":"spark-launch-aylik","status":"publish","type":"product","link":"https:\/\/www.inmola.com\/tr\/urun\/spark-launch-aylik\/","title":{"rendered":"Spark &#8211; Launch \/ ayl\u0131k"},"content":{"rendered":"<p>Spark Launch, dijital varl\u0131\u011f\u0131n\u0131n ilk ate\u015flemesidir. H\u0131zl\u0131 bir ba\u015flang\u0131\u00e7 pe\u015findeki yeni markalar ve ekipler i\u00e7in tasarlanm\u0131\u015f olup karma\u015f\u0131k kurulum s\u00fcre\u00e7lerini ortadan kald\u0131rarak seni dakikalar i\u00e7inde yay\u0131na al\u0131r. AI destekli i\u00e7erik \u00fcretimi, temel analizler ve \u00e7ok dilli kontrol paneliyle g\u00fc\u00e7lendirilen Spark Launch, ihtiyac\u0131n olan her \u015feyi sunar \u2014 fazlas\u0131n\u0131 de\u011fil. Pazara \u00e7\u0131k\u0131\u015f s\u00fcreni h\u0131zland\u0131r, ilk sinyalini g\u00fcvenle g\u00f6nder ve InMola&#8217;n\u0131n m\u00fchendislik altyap\u0131s\u0131 \u00fczerinde b\u00fcy\u00fcme yolculu\u011funa ba\u015fla.<\/p>\n<p class=\"font-claude-response-body break-words whitespace-normal leading-[1.7]\">Bu pakette neler var:<\/p>\n<ul class=\"[li_&amp;]:mb-0 [li_&amp;]:mt-1 [li_&amp;]:gap-1 [&amp;:not(:last-child)_ul]:pb-1 [&amp;:not(:last-child)_ol]:pb-1 list-disc flex flex-col gap-1 pl-8 mb-3\">\n<li class=\"whitespace-normal break-words pl-2\">Dijital G\u00fc\u00e7<\/li>\n<li class=\"whitespace-normal break-words pl-2\">AI G\u00f6r\u00fcn\u00fcrl\u00fc\u011f\u00fc *<\/li>\n<li class=\"whitespace-normal break-words pl-2\">Anahtar Kelimeler<\/li>\n<li class=\"whitespace-normal break-words pl-2\">\u00d6ne \u00c7\u0131kan Haberler<\/li>\n<li class=\"whitespace-normal break-words pl-2\">Pazarlama Plan\u0131<\/li>\n<li class=\"whitespace-normal break-words pl-2\">Pareto Skoru<\/li>\n<li class=\"whitespace-normal break-words pl-2\">\u0130\u00e7erik Plan\u0131 (+Bonus)<\/li>\n<\/ul>\n<p class=\"font-claude-response-body break-words whitespace-normal leading-[1.7]\">&#8220;inMOLA Spark&#8221;, kurumsal d\u00fczeydeki AI pazarlama zekas\u0131n\u0131 k\u00fc\u00e7\u00fck ve orta \u00f6l\u00e7ekli i\u015fletmelere ta\u015f\u0131yor \u2014 otomatik veri, ger\u00e7ek zamanl\u0131 i\u00e7g\u00f6r\u00fcler ve AI destekli \u00f6neriler. \u00dc\u00e7 paket, s\u0131f\u0131r kurulum \u00fccreti, an\u0131nda aktivasyon.<\/p>\n","protected":false},"excerpt":{"rendered":"<div data-test-render-count=\"1\">\n<div class=\"group\">\n<div class=\"contents\">\n<div class=\"group relative relative pb-3\" data-is-streaming=\"false\">\n<div class=\"font-claude-response relative leading-[1.65rem] [&amp;_pre&gt;div]:bg-bg-000\/50 [&amp;_pre&gt;div]:border-0.5 [&amp;_pre&gt;div]:border-border-400 [&amp;_.ignore-pre-bg&gt;div]:bg-transparent [&amp;_.standard-markdown_:is(p,blockquote,h1,h2,h3,h4,h5,h6)]:pl-2 [&amp;_.standard-markdown_:is(p,blockquote,ul,ol,h1,h2,h3,h4,h5,h6)]:pr-8 [&amp;_.progressive-markdown_:is(p,blockquote,h1,h2,h3,h4,h5,h6)]:pl-2 [&amp;_.progressive-markdown_:is(p,blockquote,ul,ol,h1,h2,h3,h4,h5,h6)]:pr-8\">\n<div>\n<div class=\"standard-markdown grid-cols-1 grid [&amp;_&gt;_*]:min-w-0 gap-3 standard-markdown\">\n<p class=\"font-claude-response-body break-words whitespace-normal leading-[1.7]\">&#8220;inMOLA Spark&#8221;, kurumsal d\u00fczeydeki AI pazarlama zekas\u0131n\u0131 k\u00fc\u00e7\u00fck ve orta \u00f6l\u00e7ekli i\u015fletmelere ta\u015f\u0131yor \u2014 otomatik veri, ger\u00e7ek zamanl\u0131 i\u00e7g\u00f6r\u00fcler ve AI destekli \u00f6neriler. \u00dc\u00e7 paket, s\u0131f\u0131r kurulum \u00fccreti, an\u0131nda aktivasyon.<\/p>\n<\/div>\n<\/div>\n<\/div>\n<\/div>\n<\/div>\n<\/div>\n<\/div>\n","protected":false},"featured_media":18662,"template":"","meta":[],"product_brand":[191],"product_cat":[227],"product_tag":[192],"class_list":{"0":"post-19729","1":"product","2":"type-product","3":"status-publish","4":"has-post-thumbnail","6":"product_brand-inmola-spark-launch","7":"product_cat-spark","8":"product_tag-spark","10":"first","11":"instock","12":"virtual","13":"purchasable","14":"product-type-simple"},"acf":[],"yoast_head":"<!-- This site is optimized with the Yoast SEO plugin v27.5 - https:\/\/yoast.com\/product\/yoast-seo-wordpress\/ -->\n<title>Spark - Launch \/ ayl\u0131k - inMOLA<\/title>\n<meta name=\"robots\" content=\"index, follow, max-snippet:-1, max-image-preview:large, max-video-preview:-1\" \/>\n<link rel=\"canonical\" href=\"https:\/\/www.inmola.com\/tr\/urun\/spark-launch-aylik\/\" \/>\n<meta property=\"og:locale\" content=\"tr_TR\" \/>\n<meta property=\"og:type\" content=\"article\" \/>\n<meta property=\"og:title\" content=\"Spark - Launch \/ ayl\u0131k - inMOLA\" \/>\n<meta property=\"og:description\" content=\"&quot;inMOLA Spark&quot;, kurumsal d\u00fczeydeki AI pazarlama zekas\u0131n\u0131 k\u00fc\u00e7\u00fck ve orta \u00f6l\u00e7ekli i\u015fletmelere ta\u015f\u0131yor \u2014 otomatik veri, ger\u00e7ek zamanl\u0131 i\u00e7g\u00f6r\u00fcler ve AI destekli \u00f6neriler. \u00dc\u00e7 paket, s\u0131f\u0131r kurulum \u00fccreti, an\u0131nda aktivasyon.\" \/>\n<meta property=\"og:url\" content=\"https:\/\/www.inmola.com\/tr\/urun\/spark-launch-aylik\/\" \/>\n<meta property=\"og:site_name\" content=\"inMOLA\" \/>\n<meta property=\"article:modified_time\" content=\"2026-04-28T14:55:01+00:00\" \/>\n<meta property=\"og:image\" content=\"https:\/\/www.inmola.com\/wp-content\/uploads\/2026\/04\/spark_launch.png\" \/>\n\t<meta property=\"og:image:width\" content=\"1200\" \/>\n\t<meta property=\"og:image:height\" content=\"1200\" \/>\n\t<meta property=\"og:image:type\" content=\"image\/png\" \/>\n<meta name=\"twitter:card\" content=\"summary_large_image\" \/>\n<meta name=\"twitter:label1\" content=\"Tahmini okuma s\u00fcresi\" \/>\n\t<meta name=\"twitter:data1\" content=\"1 dakika\" \/>\n<script type=\"application\/ld+json\" class=\"yoast-schema-graph\">{\"@context\":\"https:\\\/\\\/schema.org\",\"@graph\":[{\"@type\":\"WebPage\",\"@id\":\"https:\\\/\\\/www.inmola.com\\\/tr\\\/urun\\\/spark-launch-aylik\\\/\",\"url\":\"https:\\\/\\\/www.inmola.com\\\/tr\\\/urun\\\/spark-launch-aylik\\\/\",\"name\":\"Spark - Launch \\\/ ayl\u0131k - inMOLA\",\"isPartOf\":{\"@id\":\"https:\\\/\\\/www.inmola.com\\\/tr\\\/#website\"},\"primaryImageOfPage\":{\"@id\":\"https:\\\/\\\/www.inmola.com\\\/tr\\\/urun\\\/spark-launch-aylik\\\/#primaryimage\"},\"image\":{\"@id\":\"https:\\\/\\\/www.inmola.com\\\/tr\\\/urun\\\/spark-launch-aylik\\\/#primaryimage\"},\"thumbnailUrl\":\"https:\\\/\\\/www.inmola.com\\\/wp-content\\\/uploads\\\/2026\\\/04\\\/spark_launch.png\",\"datePublished\":\"2026-04-23T18:28:56+00:00\",\"dateModified\":\"2026-04-28T14:55:01+00:00\",\"breadcrumb\":{\"@id\":\"https:\\\/\\\/www.inmola.com\\\/tr\\\/urun\\\/spark-launch-aylik\\\/#breadcrumb\"},\"inLanguage\":\"tr\",\"potentialAction\":[{\"@type\":\"ReadAction\",\"target\":[\"https:\\\/\\\/www.inmola.com\\\/tr\\\/urun\\\/spark-launch-aylik\\\/\"]}]},{\"@type\":\"ImageObject\",\"inLanguage\":\"tr\",\"@id\":\"https:\\\/\\\/www.inmola.com\\\/tr\\\/urun\\\/spark-launch-aylik\\\/#primaryimage\",\"url\":\"https:\\\/\\\/www.inmola.com\\\/wp-content\\\/uploads\\\/2026\\\/04\\\/spark_launch.png\",\"contentUrl\":\"https:\\\/\\\/www.inmola.com\\\/wp-content\\\/uploads\\\/2026\\\/04\\\/spark_launch.png\",\"width\":1200,\"height\":1200},{\"@type\":\"BreadcrumbList\",\"@id\":\"https:\\\/\\\/www.inmola.com\\\/tr\\\/urun\\\/spark-launch-aylik\\\/#breadcrumb\",\"itemListElement\":[{\"@type\":\"ListItem\",\"position\":1,\"name\":\"Home\",\"item\":\"https:\\\/\\\/www.inmola.com\\\/tr\\\/\"},{\"@type\":\"ListItem\",\"position\":2,\"name\":\"Ma\u011faza\",\"item\":\"https:\\\/\\\/www.inmola.com\\\/tr\\\/magaza\\\/\"},{\"@type\":\"ListItem\",\"position\":3,\"name\":\"Spark &#8211; Launch \\\/ ayl\u0131k\"}]},{\"@type\":\"WebSite\",\"@id\":\"https:\\\/\\\/www.inmola.com\\\/tr\\\/#website\",\"url\":\"https:\\\/\\\/www.inmola.com\\\/tr\\\/\",\"name\":\"inMOLA\",\"description\":\"AI-Powered Marketing Decision Intelligence - Erkan Terzi\",\"potentialAction\":[{\"@type\":\"SearchAction\",\"target\":{\"@type\":\"EntryPoint\",\"urlTemplate\":\"https:\\\/\\\/www.inmola.com\\\/tr\\\/?s={search_term_string}\"},\"query-input\":{\"@type\":\"PropertyValueSpecification\",\"valueRequired\":true,\"valueName\":\"search_term_string\"}}],\"inLanguage\":\"tr\"}]}<\/script>\n<!-- \/ Yoast SEO plugin. -->","yoast_head_json":{"title":"Spark - Launch \/ ayl\u0131k - inMOLA","robots":{"index":"index","follow":"follow","max-snippet":"max-snippet:-1","max-image-preview":"max-image-preview:large","max-video-preview":"max-video-preview:-1"},"canonical":"https:\/\/www.inmola.com\/tr\/urun\/spark-launch-aylik\/","og_locale":"tr_TR","og_type":"article","og_title":"Spark - Launch \/ ayl\u0131k - inMOLA","og_description":"\"inMOLA Spark\", kurumsal d\u00fczeydeki AI pazarlama zekas\u0131n\u0131 k\u00fc\u00e7\u00fck ve orta \u00f6l\u00e7ekli i\u015fletmelere ta\u015f\u0131yor \u2014 otomatik veri, ger\u00e7ek zamanl\u0131 i\u00e7g\u00f6r\u00fcler ve AI destekli \u00f6neriler. \u00dc\u00e7 paket, s\u0131f\u0131r kurulum \u00fccreti, an\u0131nda aktivasyon.","og_url":"https:\/\/www.inmola.com\/tr\/urun\/spark-launch-aylik\/","og_site_name":"inMOLA","article_modified_time":"2026-04-28T14:55:01+00:00","og_image":[{"width":1200,"height":1200,"url":"https:\/\/www.inmola.com\/wp-content\/uploads\/2026\/04\/spark_launch.png","type":"image\/png"}],"twitter_card":"summary_large_image","twitter_misc":{"Tahmini okuma s\u00fcresi":"1 dakika"},"schema":{"@context":"https:\/\/schema.org","@graph":[{"@type":"WebPage","@id":"https:\/\/www.inmola.com\/tr\/urun\/spark-launch-aylik\/","url":"https:\/\/www.inmola.com\/tr\/urun\/spark-launch-aylik\/","name":"Spark - Launch \/ ayl\u0131k - inMOLA","isPartOf":{"@id":"https:\/\/www.inmola.com\/tr\/#website"},"primaryImageOfPage":{"@id":"https:\/\/www.inmola.com\/tr\/urun\/spark-launch-aylik\/#primaryimage"},"image":{"@id":"https:\/\/www.inmola.com\/tr\/urun\/spark-launch-aylik\/#primaryimage"},"thumbnailUrl":"https:\/\/www.inmola.com\/wp-content\/uploads\/2026\/04\/spark_launch.png","datePublished":"2026-04-23T18:28:56+00:00","dateModified":"2026-04-28T14:55:01+00:00","breadcrumb":{"@id":"https:\/\/www.inmola.com\/tr\/urun\/spark-launch-aylik\/#breadcrumb"},"inLanguage":"tr","potentialAction":[{"@type":"ReadAction","target":["https:\/\/www.inmola.com\/tr\/urun\/spark-launch-aylik\/"]}]},{"@type":"ImageObject","inLanguage":"tr","@id":"https:\/\/www.inmola.com\/tr\/urun\/spark-launch-aylik\/#primaryimage","url":"https:\/\/www.inmola.com\/wp-content\/uploads\/2026\/04\/spark_launch.png","contentUrl":"https:\/\/www.inmola.com\/wp-content\/uploads\/2026\/04\/spark_launch.png","width":1200,"height":1200},{"@type":"BreadcrumbList","@id":"https:\/\/www.inmola.com\/tr\/urun\/spark-launch-aylik\/#breadcrumb","itemListElement":[{"@type":"ListItem","position":1,"name":"Home","item":"https:\/\/www.inmola.com\/tr\/"},{"@type":"ListItem","position":2,"name":"Ma\u011faza","item":"https:\/\/www.inmola.com\/tr\/magaza\/"},{"@type":"ListItem","position":3,"name":"Spark &#8211; Launch \/ ayl\u0131k"}]},{"@type":"WebSite","@id":"https:\/\/www.inmola.com\/tr\/#website","url":"https:\/\/www.inmola.com\/tr\/","name":"inMOLA","description":"AI-Powered Marketing Decision Intelligence - Erkan Terzi","potentialAction":[{"@type":"SearchAction","target":{"@type":"EntryPoint","urlTemplate":"https:\/\/www.inmola.com\/tr\/?s={search_term_string}"},"query-input":{"@type":"PropertyValueSpecification","valueRequired":true,"valueName":"search_term_string"}}],"inLanguage":"tr"}]}},"_links":{"self":[{"href":"https:\/\/www.inmola.com\/tr\/wp-json\/wp\/v2\/product\/19729","targetHints":{"allow":["GET"]}}],"collection":[{"href":"https:\/\/www.inmola.com\/tr\/wp-json\/wp\/v2\/product"}],"about":[{"href":"https:\/\/www.inmola.com\/tr\/wp-json\/wp\/v2\/types\/product"}],"wp:featuredmedia":[{"embeddable":true,"href":"https:\/\/www.inmola.com\/tr\/wp-json\/wp\/v2\/media\/18662"}],"wp:attachment":[{"href":"https:\/\/www.inmola.com\/tr\/wp-json\/wp\/v2\/media?parent=19729"}],"wp:term":[{"taxonomy":"product_brand","embeddable":true,"href":"https:\/\/www.inmola.com\/tr\/wp-json\/wp\/v2\/product_brand?post=19729"},{"taxonomy":"product_cat","embeddable":true,"href":"https:\/\/www.inmola.com\/tr\/wp-json\/wp\/v2\/product_cat?post=19729"},{"taxonomy":"product_tag","embeddable":true,"href":"https:\/\/www.inmola.com\/tr\/wp-json\/wp\/v2\/product_tag?post=19729"}],"curies":[{"name":"wp","href":"https:\/\/api.w.org\/{rel}","templated":true}]}}