{"id":19756,"date":"2026-04-23T12:59:31","date_gmt":"2026-04-23T12:59:31","guid":{"rendered":"https:\/\/www.inmola.com\/sepet\/"},"modified":"2026-04-28T13:53:01","modified_gmt":"2026-04-28T13:53:01","slug":"sepet","status":"publish","type":"page","link":"https:\/\/www.inmola.com\/tr\/sepet\/","title":{"rendered":"Sepet"},"content":{"rendered":"\n<div data-block-name=\"woocommerce\/cart\" class=\"wp-block-woocommerce-cart alignwide is-loading\">\n<div data-block-name=\"woocommerce\/filled-cart-block\" class=\"wp-block-woocommerce-filled-cart-block\">\n<div data-block-name=\"woocommerce\/cart-items-block\" class=\"wp-block-woocommerce-cart-items-block\">\n<div data-block-name=\"woocommerce\/cart-line-items-block\" class=\"wp-block-woocommerce-cart-line-items-block\"><\/div>\n\n\n<\/div>\n\n\n\n\n<div data-block-name=\"woocommerce\/cart-totals-block\" class=\"wp-block-woocommerce-cart-totals-block\">\n<div data-block-name=\"woocommerce\/cart-order-summary-block\" class=\"wp-block-woocommerce-cart-order-summary-block\">\n<div data-block-name=\"woocommerce\/cart-order-summary-heading-block\" class=\"wp-block-woocommerce-cart-order-summary-heading-block\"><\/div><div data-block-name=\"woocommerce\/cart-order-summary-coupon-form-block\" class=\"wp-block-woocommerce-cart-order-summary-coupon-form-block\"><\/div><div data-block-name=\"woocommerce\/cart-order-summary-totals-block\" class=\"wp-block-woocommerce-cart-order-summary-totals-block\">\n<div data-block-name=\"woocommerce\/cart-order-summary-subtotal-block\" class=\"wp-block-woocommerce-cart-order-summary-subtotal-block\"><\/div>\n<div data-block-name=\"woocommerce\/cart-order-summary-discount-block\" class=\"wp-block-woocommerce-cart-order-summary-discount-block\"><\/div>\n<div data-block-name=\"woocommerce\/cart-order-summary-fee-block\" class=\"wp-block-woocommerce-cart-order-summary-fee-block\"><\/div>\n<div data-block-name=\"woocommerce\/cart-order-summary-shipping-block\" class=\"wp-block-woocommerce-cart-order-summary-shipping-block\"><\/div>\n<div data-block-name=\"woocommerce\/cart-order-summary-taxes-block\" class=\"wp-block-woocommerce-cart-order-summary-taxes-block\"><\/div><\/div>\n<\/div>\n\n\n\n<div data-block-name=\"woocommerce\/cart-express-payment-block\" class=\"wp-block-woocommerce-cart-express-payment-block\"><\/div>\n\n\n\n<div data-block-name=\"woocommerce\/proceed-to-checkout-block\" class=\"wp-block-woocommerce-proceed-to-checkout-block\"><\/div>\n\n\n\n<div data-block-name=\"woocommerce\/cart-accepted-payment-methods-block\" class=\"wp-block-woocommerce-cart-accepted-payment-methods-block\"><\/div>\n<\/div>\n<\/div>\n\n\n\n<div data-block-name=\"woocommerce\/empty-cart-block\" class=\"wp-block-woocommerce-empty-cart-block\">\n<h2 class=\"wp-block-heading has-text-align-center with-empty-cart-icon wc-block-cart__empty-cart__title\">Sepetiniz \u015fu anda bo\u015f!<\/h2>\n\n\n\n<hr class=\"wp-block-separator has-alpha-channel-opacity is-style-dots\"\/>\n\n\n\n<h2 class=\"wp-block-heading has-text-align-center\">Ma\u011fazada yeni<\/h2>\n\n\n<div data-block-name=\"woocommerce\/product-new\" data-columns=\"4\" data-rows=\"1\" class=\"wc-block-grid wp-block-product-new wp-block-woocommerce-product-new wc-block-product-new has-4-columns\"><ul class=\"wc-block-grid__products\"><li class=\"wc-block-grid__product\">\n\t\t\t\t<a href=\"https:\/\/www.inmola.com\/tr\/urun\/spark-launch-aylik\/\" class=\"wc-block-grid__product-link\">\n\t\t\t\t\t\n\t\t\t\t\t<div class=\"wc-block-grid__product-image\"><img fetchpriority=\"high\" decoding=\"async\" width=\"300\" height=\"300\" src=\"https:\/\/www.inmola.com\/wp-content\/uploads\/2026\/04\/spark_launch-300x300.png\" class=\"attachment-woocommerce_thumbnail size-woocommerce_thumbnail\" alt=\"Spark - Launch \/ ayl\u0131k\" srcset=\"https:\/\/www.inmola.com\/wp-content\/uploads\/2026\/04\/spark_launch-300x300.png 300w, https:\/\/www.inmola.com\/wp-content\/uploads\/2026\/04\/spark_launch-600x600.png 600w, https:\/\/www.inmola.com\/wp-content\/uploads\/2026\/04\/spark_launch-1024x1024.png 1024w, https:\/\/www.inmola.com\/wp-content\/uploads\/2026\/04\/spark_launch-150x150.png 150w, https:\/\/www.inmola.com\/wp-content\/uploads\/2026\/04\/spark_launch-768x768.png 768w, https:\/\/www.inmola.com\/wp-content\/uploads\/2026\/04\/spark_launch-16x16.png 16w, https:\/\/www.inmola.com\/wp-content\/uploads\/2026\/04\/spark_launch-50x50.png 50w, https:\/\/www.inmola.com\/wp-content\/uploads\/2026\/04\/spark_launch-80x80.png 80w, https:\/\/www.inmola.com\/wp-content\/uploads\/2026\/04\/spark_launch-70x70.png 70w, https:\/\/www.inmola.com\/wp-content\/uploads\/2026\/04\/spark_launch-100x100.png 100w, https:\/\/www.inmola.com\/wp-content\/uploads\/2026\/04\/spark_launch-480x480.png 480w, https:\/\/www.inmola.com\/wp-content\/uploads\/2026\/04\/spark_launch-670x670.png 670w, https:\/\/www.inmola.com\/wp-content\/uploads\/2026\/04\/spark_launch-370x370.png 370w, https:\/\/www.inmola.com\/wp-content\/uploads\/2026\/04\/spark_launch-75x75.png 75w, https:\/\/www.inmola.com\/wp-content\/uploads\/2026\/04\/spark_launch.png 1200w\" sizes=\"(max-width: 300px) 100vw, 300px\" \/><\/div>\n\t\t\t\t\t<div class=\"wc-block-grid__product-title\">Spark &#8211; Launch \/ ayl\u0131k<\/div>\n\t\t\t\t<\/a>\n\t\t\t\t<div class=\"wc-block-grid__product-price price\"><span class=\"woocommerce-Price-amount amount\"><span class=\"woocommerce-Price-currencySymbol\">&#8378;<\/span>5 676.00<\/span><\/div>\n\t\t\t\t\n\t\t\t\t<div class=\"wp-block-button wc-block-grid__product-add-to-cart\"><a href=\"\/tr\/wp-json\/wp\/v2\/pages\/19756?add-to-cart=19729\" aria-label=\"Sepete ekle: \u201cSpark - Launch \/ ayl\u0131k\u201d\" data-quantity=\"1\" data-product_id=\"19729\" data-product_sku=\"\" data-price=\"5676\" rel=\"nofollow\" class=\"wp-block-button__link  add_to_cart_button ajax_add_to_cart\">Sepete Ekle<\/a><\/div>\n\t\t\t<\/li><li class=\"wc-block-grid__product\">\n\t\t\t\t<a href=\"https:\/\/www.inmola.com\/tr\/urun\/spark-grow-yillik\/\" class=\"wc-block-grid__product-link\">\n\t\t\t\t\t<div class=\"wc-block-grid__product-onsale\">\n\t\t\t<span aria-hidden=\"true\">\u0130ndirim<\/span>\n\t\t\t<span class=\"screen-reader-text\">\u0130ndirimdeki \u00fcr\u00fcn<\/span>\n\t\t<\/div>\n\t\t\t\t\t<div class=\"wc-block-grid__product-image\"><img decoding=\"async\" width=\"300\" height=\"300\" src=\"https:\/\/www.inmola.com\/wp-content\/uploads\/2026\/04\/spark_grow-300x300.png\" class=\"attachment-woocommerce_thumbnail size-woocommerce_thumbnail\" alt=\"Spark - Grow \/ y\u0131ll\u0131k\" srcset=\"https:\/\/www.inmola.com\/wp-content\/uploads\/2026\/04\/spark_grow-300x300.png 300w, https:\/\/www.inmola.com\/wp-content\/uploads\/2026\/04\/spark_grow-1024x1024.png 1024w, https:\/\/www.inmola.com\/wp-content\/uploads\/2026\/04\/spark_grow-150x150.png 150w, https:\/\/www.inmola.com\/wp-content\/uploads\/2026\/04\/spark_grow-768x768.png 768w, https:\/\/www.inmola.com\/wp-content\/uploads\/2026\/04\/spark_grow-16x16.png 16w, https:\/\/www.inmola.com\/wp-content\/uploads\/2026\/04\/spark_grow-50x50.png 50w, https:\/\/www.inmola.com\/wp-content\/uploads\/2026\/04\/spark_grow-80x80.png 80w, https:\/\/www.inmola.com\/wp-content\/uploads\/2026\/04\/spark_grow-70x70.png 70w, https:\/\/www.inmola.com\/wp-content\/uploads\/2026\/04\/spark_grow-100x100.png 100w, https:\/\/www.inmola.com\/wp-content\/uploads\/2026\/04\/spark_grow-480x480.png 480w, https:\/\/www.inmola.com\/wp-content\/uploads\/2026\/04\/spark_grow-670x670.png 670w, https:\/\/www.inmola.com\/wp-content\/uploads\/2026\/04\/spark_grow-370x370.png 370w, https:\/\/www.inmola.com\/wp-content\/uploads\/2026\/04\/spark_grow-75x75.png 75w, https:\/\/www.inmola.com\/wp-content\/uploads\/2026\/04\/spark_grow-600x600.png 600w, https:\/\/www.inmola.com\/wp-content\/uploads\/2026\/04\/spark_grow.png 1200w\" sizes=\"(max-width: 300px) 100vw, 300px\" \/><\/div>\n\t\t\t\t\t<div class=\"wc-block-grid__product-title\">Spark &#8211; Grow \/ y\u0131ll\u0131k<\/div>\n\t\t\t\t<\/a>\n\t\t\t\t<div class=\"wc-block-grid__product-price price\"><del aria-hidden=\"true\"><span class=\"woocommerce-Price-amount amount\"><span class=\"woocommerce-Price-currencySymbol\">&#8378;<\/span>168 432.00<\/span><\/del> <span class=\"screen-reader-text\">Orijinal fiyat: &#8378;168 432.00.<\/span><ins aria-hidden=\"true\"><span class=\"woocommerce-Price-amount amount\"><span class=\"woocommerce-Price-currencySymbol\">&#8378;<\/span>131 472.00<\/span><\/ins><span class=\"screen-reader-text\">\u015eu andaki fiyat: &#8378;131 472.00.<\/span><\/div>\n\t\t\t\t\n\t\t\t\t<div class=\"wp-block-button wc-block-grid__product-add-to-cart\"><a href=\"\/tr\/wp-json\/wp\/v2\/pages\/19756?add-to-cart=19771\" aria-label=\"Sepete ekle: \u201cSpark - Grow \/ y\u0131ll\u0131k\u201d\" data-quantity=\"1\" data-product_id=\"19771\" data-product_sku=\"\" data-price=\"131472\" rel=\"nofollow\" class=\"wp-block-button__link  add_to_cart_button ajax_add_to_cart\">Sepete Ekle<\/a><\/div>\n\t\t\t<\/li><li class=\"wc-block-grid__product\">\n\t\t\t\t<a href=\"https:\/\/www.inmola.com\/tr\/urun\/spark-launch-yillik\/\" class=\"wc-block-grid__product-link\">\n\t\t\t\t\t<div class=\"wc-block-grid__product-onsale\">\n\t\t\t<span aria-hidden=\"true\">\u0130ndirim<\/span>\n\t\t\t<span class=\"screen-reader-text\">\u0130ndirimdeki \u00fcr\u00fcn<\/span>\n\t\t<\/div>\n\t\t\t\t\t<div class=\"wc-block-grid__product-image\"><img decoding=\"async\" width=\"300\" height=\"300\" src=\"https:\/\/www.inmola.com\/wp-content\/uploads\/2026\/04\/spark_launch-300x300.png\" class=\"attachment-woocommerce_thumbnail size-woocommerce_thumbnail\" alt=\"Spark - Launch \/ y\u0131ll\u0131k\" srcset=\"https:\/\/www.inmola.com\/wp-content\/uploads\/2026\/04\/spark_launch-300x300.png 300w, https:\/\/www.inmola.com\/wp-content\/uploads\/2026\/04\/spark_launch-600x600.png 600w, https:\/\/www.inmola.com\/wp-content\/uploads\/2026\/04\/spark_launch-1024x1024.png 1024w, https:\/\/www.inmola.com\/wp-content\/uploads\/2026\/04\/spark_launch-150x150.png 150w, https:\/\/www.inmola.com\/wp-content\/uploads\/2026\/04\/spark_launch-768x768.png 768w, https:\/\/www.inmola.com\/wp-content\/uploads\/2026\/04\/spark_launch-16x16.png 16w, https:\/\/www.inmola.com\/wp-content\/uploads\/2026\/04\/spark_launch-50x50.png 50w, https:\/\/www.inmola.com\/wp-content\/uploads\/2026\/04\/spark_launch-80x80.png 80w, https:\/\/www.inmola.com\/wp-content\/uploads\/2026\/04\/spark_launch-70x70.png 70w, https:\/\/www.inmola.com\/wp-content\/uploads\/2026\/04\/spark_launch-100x100.png 100w, https:\/\/www.inmola.com\/wp-content\/uploads\/2026\/04\/spark_launch-480x480.png 480w, https:\/\/www.inmola.com\/wp-content\/uploads\/2026\/04\/spark_launch-670x670.png 670w, https:\/\/www.inmola.com\/wp-content\/uploads\/2026\/04\/spark_launch-370x370.png 370w, https:\/\/www.inmola.com\/wp-content\/uploads\/2026\/04\/spark_launch-75x75.png 75w, https:\/\/www.inmola.com\/wp-content\/uploads\/2026\/04\/spark_launch.png 1200w\" sizes=\"(max-width: 300px) 100vw, 300px\" \/><\/div>\n\t\t\t\t\t<div class=\"wc-block-grid__product-title\">Spark &#8211; Launch \/ y\u0131ll\u0131k<\/div>\n\t\t\t\t<\/a>\n\t\t\t\t<div class=\"wc-block-grid__product-price price\"><del aria-hidden=\"true\"><span class=\"woocommerce-Price-amount amount\"><span class=\"woocommerce-Price-currencySymbol\">&#8378;<\/span>68 112.00<\/span><\/del> <span class=\"screen-reader-text\">Orijinal fiyat: &#8378;68 112.00.<\/span><ins aria-hidden=\"true\"><span class=\"woocommerce-Price-amount amount\"><span class=\"woocommerce-Price-currencySymbol\">&#8378;<\/span>52 272.00<\/span><\/ins><span class=\"screen-reader-text\">\u015eu andaki fiyat: &#8378;52 272.00.<\/span><\/div>\n\t\t\t\t\n\t\t\t\t<div class=\"wp-block-button wc-block-grid__product-add-to-cart\"><a href=\"\/tr\/wp-json\/wp\/v2\/pages\/19756?add-to-cart=19767\" aria-label=\"Sepete ekle: \u201cSpark - Launch \/ y\u0131ll\u0131k\u201d\" data-quantity=\"1\" data-product_id=\"19767\" data-product_sku=\"\" data-price=\"52272\" rel=\"nofollow\" class=\"wp-block-button__link  add_to_cart_button ajax_add_to_cart\">Sepete Ekle<\/a><\/div>\n\t\t\t<\/li><\/ul><\/div><\/div>\n<\/div>\n","protected":false},"excerpt":{"rendered":"","protected":false},"author":1,"featured_media":0,"parent":0,"menu_order":0,"comment_status":"closed","ping_status":"closed","template":"","meta":{"footnotes":""},"class_list":["post-19756","page","type-page","status-publish","hentry","no-post-thumbnail"],"acf":[],"yoast_head":"<!-- This site is optimized with the Yoast SEO plugin v27.5 - https:\/\/yoast.com\/product\/yoast-seo-wordpress\/ -->\n<title>Sepet - inMOLA<\/title>\n<meta name=\"robots\" content=\"index, follow, max-snippet:-1, max-image-preview:large, max-video-preview:-1\" \/>\n<link rel=\"canonical\" href=\"https:\/\/www.inmola.com\/tr\/sepet\/\" \/>\n<meta property=\"og:locale\" content=\"tr_TR\" \/>\n<meta property=\"og:type\" content=\"article\" \/>\n<meta property=\"og:title\" content=\"Sepet - inMOLA\" \/>\n<meta property=\"og:url\" content=\"https:\/\/www.inmola.com\/tr\/sepet\/\" \/>\n<meta property=\"og:site_name\" content=\"inMOLA\" \/>\n<meta property=\"article:modified_time\" content=\"2026-04-28T13:53:01+00:00\" \/>\n<meta name=\"twitter:card\" content=\"summary_large_image\" \/>\n<script type=\"application\/ld+json\" class=\"yoast-schema-graph\">{\"@context\":\"https:\\\/\\\/schema.org\",\"@graph\":[{\"@type\":\"WebPage\",\"@id\":\"https:\\\/\\\/www.inmola.com\\\/tr\\\/sepet\\\/\",\"url\":\"https:\\\/\\\/www.inmola.com\\\/tr\\\/sepet\\\/\",\"name\":\"Sepet - inMOLA\",\"isPartOf\":{\"@id\":\"https:\\\/\\\/www.inmola.com\\\/tr\\\/#website\"},\"datePublished\":\"2026-04-23T12:59:31+00:00\",\"dateModified\":\"2026-04-28T13:53:01+00:00\",\"breadcrumb\":{\"@id\":\"https:\\\/\\\/www.inmola.com\\\/tr\\\/sepet\\\/#breadcrumb\"},\"inLanguage\":\"tr\",\"potentialAction\":[{\"@type\":\"ReadAction\",\"target\":[\"https:\\\/\\\/www.inmola.com\\\/tr\\\/sepet\\\/\"]}]},{\"@type\":\"BreadcrumbList\",\"@id\":\"https:\\\/\\\/www.inmola.com\\\/tr\\\/sepet\\\/#breadcrumb\",\"itemListElement\":[{\"@type\":\"ListItem\",\"position\":1,\"name\":\"Home\",\"item\":\"https:\\\/\\\/www.inmola.com\\\/tr\\\/\"},{\"@type\":\"ListItem\",\"position\":2,\"name\":\"Sepet\"}]},{\"@type\":\"WebSite\",\"@id\":\"https:\\\/\\\/www.inmola.com\\\/tr\\\/#website\",\"url\":\"https:\\\/\\\/www.inmola.com\\\/tr\\\/\",\"name\":\"inMOLA\",\"description\":\"AI-Powered Marketing Decision Intelligence - Erkan Terzi\",\"potentialAction\":[{\"@type\":\"SearchAction\",\"target\":{\"@type\":\"EntryPoint\",\"urlTemplate\":\"https:\\\/\\\/www.inmola.com\\\/tr\\\/?s={search_term_string}\"},\"query-input\":{\"@type\":\"PropertyValueSpecification\",\"valueRequired\":true,\"valueName\":\"search_term_string\"}}],\"inLanguage\":\"tr\"}]}<\/script>\n<!-- \/ Yoast SEO plugin. -->","yoast_head_json":{"title":"Sepet - inMOLA","robots":{"index":"index","follow":"follow","max-snippet":"max-snippet:-1","max-image-preview":"max-image-preview:large","max-video-preview":"max-video-preview:-1"},"canonical":"https:\/\/www.inmola.com\/tr\/sepet\/","og_locale":"tr_TR","og_type":"article","og_title":"Sepet - inMOLA","og_url":"https:\/\/www.inmola.com\/tr\/sepet\/","og_site_name":"inMOLA","article_modified_time":"2026-04-28T13:53:01+00:00","twitter_card":"summary_large_image","schema":{"@context":"https:\/\/schema.org","@graph":[{"@type":"WebPage","@id":"https:\/\/www.inmola.com\/tr\/sepet\/","url":"https:\/\/www.inmola.com\/tr\/sepet\/","name":"Sepet - inMOLA","isPartOf":{"@id":"https:\/\/www.inmola.com\/tr\/#website"},"datePublished":"2026-04-23T12:59:31+00:00","dateModified":"2026-04-28T13:53:01+00:00","breadcrumb":{"@id":"https:\/\/www.inmola.com\/tr\/sepet\/#breadcrumb"},"inLanguage":"tr","potentialAction":[{"@type":"ReadAction","target":["https:\/\/www.inmola.com\/tr\/sepet\/"]}]},{"@type":"BreadcrumbList","@id":"https:\/\/www.inmola.com\/tr\/sepet\/#breadcrumb","itemListElement":[{"@type":"ListItem","position":1,"name":"Home","item":"https:\/\/www.inmola.com\/tr\/"},{"@type":"ListItem","position":2,"name":"Sepet"}]},{"@type":"WebSite","@id":"https:\/\/www.inmola.com\/tr\/#website","url":"https:\/\/www.inmola.com\/tr\/","name":"inMOLA","description":"AI-Powered Marketing Decision Intelligence - Erkan Terzi","potentialAction":[{"@type":"SearchAction","target":{"@type":"EntryPoint","urlTemplate":"https:\/\/www.inmola.com\/tr\/?s={search_term_string}"},"query-input":{"@type":"PropertyValueSpecification","valueRequired":true,"valueName":"search_term_string"}}],"inLanguage":"tr"}]}},"_links":{"self":[{"href":"https:\/\/www.inmola.com\/tr\/wp-json\/wp\/v2\/pages\/19756","targetHints":{"allow":["GET"]}}],"collection":[{"href":"https:\/\/www.inmola.com\/tr\/wp-json\/wp\/v2\/pages"}],"about":[{"href":"https:\/\/www.inmola.com\/tr\/wp-json\/wp\/v2\/types\/page"}],"author":[{"embeddable":true,"href":"https:\/\/www.inmola.com\/tr\/wp-json\/wp\/v2\/users\/1"}],"replies":[{"embeddable":true,"href":"https:\/\/www.inmola.com\/tr\/wp-json\/wp\/v2\/comments?post=19756"}],"version-history":[{"count":1,"href":"https:\/\/www.inmola.com\/tr\/wp-json\/wp\/v2\/pages\/19756\/revisions"}],"predecessor-version":[{"id":19764,"href":"https:\/\/www.inmola.com\/tr\/wp-json\/wp\/v2\/pages\/19756\/revisions\/19764"}],"wp:attachment":[{"href":"https:\/\/www.inmola.com\/tr\/wp-json\/wp\/v2\/media?parent=19756"}],"curies":[{"name":"wp","href":"https:\/\/api.w.org\/{rel}","templated":true}]}}