{"id":18938,"date":"2026-04-16T20:44:25","date_gmt":"2026-04-16T20:44:25","guid":{"rendered":"https:\/\/www.inmola.com\/?page_id=18938"},"modified":"2026-04-23T16:04:18","modified_gmt":"2026-04-23T16:04:18","slug":"iletisim","status":"publish","type":"page","link":"https:\/\/www.inmola.com\/tr\/iletisim\/","title":{"rendered":"\u0130leti\u015fim"},"content":{"rendered":"\t\t<div data-elementor-type=\"wp-page\" data-elementor-id=\"18938\" class=\"elementor elementor-18938 elementor-17601\">\n\t\t\t\t\t\t<section class=\"elementor-section elementor-top-section elementor-element elementor-element-24725552 elementor-section-boxed elementor-section-height-default elementor-section-height-default\" data-id=\"24725552\" data-element_type=\"section\" data-e-type=\"section\">\n\t\t\t\t\t\t<div class=\"elementor-container elementor-column-gap-default\">\n\t\t\t\t\t<div class=\"elementor-column elementor-col-50 elementor-top-column elementor-element elementor-element-af25f53\" data-id=\"af25f53\" data-element_type=\"column\" data-e-type=\"column\">\n\t\t\t<div class=\"elementor-widget-wrap elementor-element-populated\">\n\t\t\t\t\t\t<div class=\"elementor-element elementor-element-aabe4f1 elementor-widget elementor-widget-Saasland_heading\" data-id=\"aabe4f1\" data-element_type=\"widget\" data-e-type=\"widget\" data-widget_type=\"Saasland_heading.default\">\n\t\t\t\t<div class=\"elementor-widget-container\">\n\t\t\t\t\t<div class=\"heading_wrap d-flex justify-content-start\"><h2 class=\"saasland_heading\" \r\n            style=\"background-image: linear-gradient(95deg, #6366FF 20%, #6B6DC3 30%, #21D3A1 70%);\r\n                -webkit-background-clip: text;-webkit-text-fill-color: transparent;\"\r\n        >\u0130leti\u015fime Ge\u00e7in!<\/h2><\/div>\t\t\t\t<\/div>\n\t\t\t\t<\/div>\n\t\t\t\t<div class=\"elementor-element elementor-element-36188b46 elementor-widget__width-initial elementor-widget elementor-widget-heading\" data-id=\"36188b46\" data-element_type=\"widget\" data-e-type=\"widget\" data-widget_type=\"heading.default\">\n\t\t\t\t\t<h2 class=\"elementor-heading-title elementor-size-default\">Pazarlama kararlar\u0131n\u0131z daha iyi veri de\u011ferlendirmelerini hak ediyor.<br>inMOLA'n\u0131n markan\u0131z i\u00e7in neleri de\u011fi\u015ftirebilece\u011fini birlikte konu\u015fal\u0131m!<\/h2>\t\t\t\t<\/div>\n\t\t\t\t<div class=\"elementor-element elementor-element-a01a35a elementor-widget elementor-widget-image\" data-id=\"a01a35a\" data-element_type=\"widget\" data-e-type=\"widget\" data-widget_type=\"image.default\">\n\t\t\t\t\t\t\t\t\t\t\t\t\t\t\t<img fetchpriority=\"high\" decoding=\"async\" width=\"1000\" height=\"627\" src=\"https:\/\/www.inmola.com\/wp-content\/uploads\/2026\/04\/Bester_Media.jpg\" class=\"attachment-large size-large wp-image-17628\" alt=\"\" srcset=\"https:\/\/www.inmola.com\/wp-content\/uploads\/2026\/04\/Bester_Media.jpg 1000w, https:\/\/www.inmola.com\/wp-content\/uploads\/2026\/04\/Bester_Media-600x376.jpg 600w, https:\/\/www.inmola.com\/wp-content\/uploads\/2026\/04\/Bester_Media-300x188.jpg 300w, https:\/\/www.inmola.com\/wp-content\/uploads\/2026\/04\/Bester_Media-768x482.jpg 768w\" sizes=\"(max-width: 1000px) 100vw, 1000px\" \/>\t\t\t\t\t\t\t\t\t\t\t\t\t\t\t<\/div>\n\t\t\t\t<div class=\"elementor-element elementor-element-793d4ab elementor-widget__width-initial elementor-widget elementor-widget-heading\" data-id=\"793d4ab\" data-element_type=\"widget\" data-e-type=\"widget\" data-widget_type=\"heading.default\">\n\t\t\t\t\t<h2 class=\"elementor-heading-title elementor-size-default\"><b>Merkez Ofis:<\/b>\n\n<br>Bester Media Teknolojileri, \n\n\u0130stanbul,  Sar\u0131yer, T\u00fcrkiye\n<\/h2>\t\t\t\t<\/div>\n\t\t\t\t<div class=\"elementor-element elementor-element-9d9ebaf elementor-widget__width-initial elementor-widget elementor-widget-heading\" data-id=\"9d9ebaf\" data-element_type=\"widget\" data-e-type=\"widget\" data-widget_type=\"heading.default\">\n\t\t\t\t\t<h2 class=\"elementor-heading-title elementor-size-default\"><b>Amerika Ofisi \/ Newyork:<\/b>\n\n<br>Steve McNamara \/ ABD Y\u00f6netici Orta\u011f\u0131\n<br>eposta: stevemcnamara@bestermedia.com\n<\/h2>\t\t\t\t<\/div>\n\t\t\t\t\t<\/div>\n\t\t<\/div>\n\t\t\t\t<div class=\"elementor-column elementor-col-50 elementor-top-column elementor-element elementor-element-23893e49\" data-id=\"23893e49\" data-element_type=\"column\" data-e-type=\"column\">\n\t\t\t<div class=\"elementor-widget-wrap elementor-element-populated\">\n\t\t\t\t\t\t<div class=\"elementor-element elementor-element-828a4a3 elementor-widget elementor-widget-heading\" data-id=\"828a4a3\" data-element_type=\"widget\" data-e-type=\"widget\" data-widget_type=\"heading.default\">\n\t\t\t\t\t<h5 class=\"elementor-heading-title elementor-size-default\">Lokasyonlar<\/h5>\t\t\t\t<\/div>\n\t\t\t\t<div class=\"elementor-element elementor-element-1c80cf42 elementor-widget elementor-widget-text-editor\" data-id=\"1c80cf42\" data-element_type=\"widget\" data-e-type=\"widget\" data-widget_type=\"text-editor.default\">\n\t\t\t\t\t\t\t\t\t<p>Ayaza\u011fa Mah. Azerbaycan Cad. 2B Ofis No:3K \u0130\u00e7 Kap\u0131 No:13 Kat:2, Sar\u0131yer, \u0130stanbul, T\u00fcrkiye<\/p>\t\t\t\t\t\t\t\t<\/div>\n\t\t\t\t<div class=\"elementor-element elementor-element-4ef701a elementor-widget elementor-widget-text-editor\" data-id=\"4ef701a\" data-element_type=\"widget\" data-e-type=\"widget\" data-widget_type=\"text-editor.default\">\n\t\t\t\t\t\t\t\t\t<p>Maslak mah. Sanatkarlar sok. No:2, Maslak, Sar\u0131yer, \u0130stanbul, T\u00fcrkiye<\/p>\t\t\t\t\t\t\t\t<\/div>\n\t\t\t\t<div class=\"elementor-element elementor-element-6400c25a elementor-widget elementor-widget-heading\" data-id=\"6400c25a\" data-element_type=\"widget\" data-e-type=\"widget\" data-widget_type=\"heading.default\">\n\t\t\t\t\t<h5 class=\"elementor-heading-title elementor-size-default\">ileti\u015fim<\/h5>\t\t\t\t<\/div>\n\t\t\t\t<div class=\"elementor-element elementor-element-5575bc1d elementor-icon-list--layout-traditional elementor-list-item-link-full_width elementor-widget elementor-widget-icon-list\" data-id=\"5575bc1d\" data-element_type=\"widget\" data-e-type=\"widget\" data-widget_type=\"icon-list.default\">\n\t\t\t\t\t\t\t<ul class=\"elementor-icon-list-items\">\n\t\t\t\t\t\t\t<li class=\"elementor-icon-list-item\">\n\t\t\t\t\t\t\t\t\t\t\t<a href=\"mailto:contact@example.com\">\n\n\t\t\t\t\t\t\t\t\t\t\t<span class=\"elementor-icon-list-text\">contact@inmola.com<\/span>\n\t\t\t\t\t\t\t\t\t\t\t<\/a>\n\t\t\t\t\t\t\t\t\t<\/li>\n\t\t\t\t\t\t\t\t<li class=\"elementor-icon-list-item\">\n\t\t\t\t\t\t\t\t\t\t\t<a href=\"mailto:contact@example.com\">\n\n\t\t\t\t\t\t\t\t\t\t\t<span class=\"elementor-icon-list-text\">contact@bestermedia.com<\/span>\n\t\t\t\t\t\t\t\t\t\t\t<\/a>\n\t\t\t\t\t\t\t\t\t<\/li>\n\t\t\t\t\t\t<\/ul>\n\t\t\t\t\t\t<\/div>\n\t\t\t\t\t<\/div>\n\t\t<\/div>\n\t\t\t\t\t<\/div>\n\t\t<\/section>\n\t\t\t\t<section class=\"elementor-section elementor-top-section elementor-element elementor-element-78dd2a75 elementor-section-boxed elementor-section-height-default elementor-section-height-default\" data-id=\"78dd2a75\" data-element_type=\"section\" data-e-type=\"section\">\n\t\t\t\t\t\t<div class=\"elementor-container elementor-column-gap-default\">\n\t\t\t\t\t<div class=\"elementor-column elementor-col-100 elementor-top-column elementor-element elementor-element-1676e7ac\" data-id=\"1676e7ac\" data-element_type=\"column\" data-e-type=\"column\">\n\t\t\t<div class=\"elementor-widget-wrap elementor-element-populated\">\n\t\t\t\t\t\t<div class=\"elementor-element elementor-element-65ca5bf5 elementor-widget elementor-widget-google_maps\" data-id=\"65ca5bf5\" data-element_type=\"widget\" data-e-type=\"widget\" data-widget_type=\"google_maps.default\">\n\t\t\t\t\t\t\t<div class=\"elementor-custom-embed\">\n\t\t\t<iframe loading=\"lazy\"\n\t\t\t\t\tsrc=\"https:\/\/maps.google.com\/maps?q=Bester%20Media&#038;t=m&#038;z=9&#038;output=embed&#038;iwloc=near\"\n\t\t\t\t\ttitle=\"Bester Media\"\n\t\t\t\t\taria-label=\"Bester Media\"\n\t\t\t><\/iframe>\n\t\t<\/div>\n\t\t\t\t\t\t<\/div>\n\t\t\t\t\t<\/div>\n\t\t<\/div>\n\t\t\t\t\t<\/div>\n\t\t<\/section>\n\t\t\t\t<\/div>\n\t\t","protected":false},"excerpt":{"rendered":"<p>\u0130leti\u015fime Ge\u00e7in! Pazarlama kararlar\u0131n\u0131z daha iyi veri de\u011ferlendirmelerini hak ediyor.inMOLA&#8217;n\u0131n markan\u0131z i\u00e7in neleri de\u011fi\u015ftirebilece\u011fini birlikte konu\u015fal\u0131m! Merkez Ofis: Bester Media Teknolojileri, \u0130stanbul, Sar\u0131yer, T\u00fcrkiye Amerika Ofisi \/ Newyork: Steve McNamara \/ ABD Y\u00f6netici Orta\u011f\u0131 eposta: stevemcnamara@bestermedia.com Lokasyonlar Ayaza\u011fa Mah. Azerbaycan Cad. 2B Ofis No:3K \u0130\u00e7 Kap\u0131 No:13 Kat:2, Sar\u0131yer, \u0130stanbul, T\u00fcrkiye Maslak mah. Sanatkarlar sok&#8230;.<\/p>\n","protected":false},"author":1,"featured_media":0,"parent":0,"menu_order":0,"comment_status":"closed","ping_status":"closed","template":"elementor_header_footer","meta":{"footnotes":""},"class_list":["post-18938","page","type-page","status-publish","hentry","no-post-thumbnail"],"acf":[],"yoast_head":"<!-- This site is optimized with the Yoast SEO plugin v27.5 - https:\/\/yoast.com\/product\/yoast-seo-wordpress\/ -->\n<title>\u0130leti\u015fim - inMOLA<\/title>\n<meta name=\"robots\" content=\"index, follow, max-snippet:-1, max-image-preview:large, max-video-preview:-1\" \/>\n<link rel=\"canonical\" href=\"https:\/\/www.inmola.com\/tr\/iletisim\/\" \/>\n<meta property=\"og:locale\" content=\"tr_TR\" \/>\n<meta property=\"og:type\" content=\"article\" \/>\n<meta property=\"og:title\" content=\"\u0130leti\u015fim - inMOLA\" \/>\n<meta property=\"og:description\" content=\"\u0130leti\u015fime Ge\u00e7in! Pazarlama kararlar\u0131n\u0131z daha iyi veri de\u011ferlendirmelerini hak ediyor.inMOLA&#8217;n\u0131n markan\u0131z i\u00e7in neleri de\u011fi\u015ftirebilece\u011fini birlikte konu\u015fal\u0131m! Merkez Ofis: Bester Media Teknolojileri, \u0130stanbul, Sar\u0131yer, T\u00fcrkiye Amerika Ofisi \/ Newyork: Steve McNamara \/ ABD Y\u00f6netici Orta\u011f\u0131 eposta: stevemcnamara@bestermedia.com Lokasyonlar Ayaza\u011fa Mah. Azerbaycan Cad. 2B Ofis No:3K \u0130\u00e7 Kap\u0131 No:13 Kat:2, Sar\u0131yer, \u0130stanbul, T\u00fcrkiye Maslak mah. Sanatkarlar sok....\" \/>\n<meta property=\"og:url\" content=\"https:\/\/www.inmola.com\/tr\/iletisim\/\" \/>\n<meta property=\"og:site_name\" content=\"inMOLA\" \/>\n<meta property=\"article:modified_time\" content=\"2026-04-23T16:04:18+00:00\" \/>\n<meta property=\"og:image\" content=\"https:\/\/www.inmola.com\/wp-content\/uploads\/2026\/04\/Bester_Media.jpg\" \/>\n\t<meta property=\"og:image:width\" content=\"1000\" \/>\n\t<meta property=\"og:image:height\" content=\"627\" \/>\n\t<meta property=\"og:image:type\" content=\"image\/jpeg\" \/>\n<meta name=\"twitter:card\" content=\"summary_large_image\" \/>\n<meta name=\"twitter:label1\" content=\"Tahmini okuma s\u00fcresi\" \/>\n\t<meta name=\"twitter:data1\" content=\"1 dakika\" \/>\n<script type=\"application\/ld+json\" class=\"yoast-schema-graph\">{\"@context\":\"https:\\\/\\\/schema.org\",\"@graph\":[{\"@type\":\"WebPage\",\"@id\":\"https:\\\/\\\/www.inmola.com\\\/tr\\\/iletisim\\\/\",\"url\":\"https:\\\/\\\/www.inmola.com\\\/tr\\\/iletisim\\\/\",\"name\":\"\u0130leti\u015fim - inMOLA\",\"isPartOf\":{\"@id\":\"https:\\\/\\\/www.inmola.com\\\/tr\\\/#website\"},\"primaryImageOfPage\":{\"@id\":\"https:\\\/\\\/www.inmola.com\\\/tr\\\/iletisim\\\/#primaryimage\"},\"image\":{\"@id\":\"https:\\\/\\\/www.inmola.com\\\/tr\\\/iletisim\\\/#primaryimage\"},\"thumbnailUrl\":\"https:\\\/\\\/www.inmola.com\\\/wp-content\\\/uploads\\\/2026\\\/04\\\/Bester_Media.jpg\",\"datePublished\":\"2026-04-16T20:44:25+00:00\",\"dateModified\":\"2026-04-23T16:04:18+00:00\",\"breadcrumb\":{\"@id\":\"https:\\\/\\\/www.inmola.com\\\/tr\\\/iletisim\\\/#breadcrumb\"},\"inLanguage\":\"tr\",\"potentialAction\":[{\"@type\":\"ReadAction\",\"target\":[\"https:\\\/\\\/www.inmola.com\\\/tr\\\/iletisim\\\/\"]}]},{\"@type\":\"ImageObject\",\"inLanguage\":\"tr\",\"@id\":\"https:\\\/\\\/www.inmola.com\\\/tr\\\/iletisim\\\/#primaryimage\",\"url\":\"https:\\\/\\\/www.inmola.com\\\/wp-content\\\/uploads\\\/2026\\\/04\\\/Bester_Media.jpg\",\"contentUrl\":\"https:\\\/\\\/www.inmola.com\\\/wp-content\\\/uploads\\\/2026\\\/04\\\/Bester_Media.jpg\"},{\"@type\":\"BreadcrumbList\",\"@id\":\"https:\\\/\\\/www.inmola.com\\\/tr\\\/iletisim\\\/#breadcrumb\",\"itemListElement\":[{\"@type\":\"ListItem\",\"position\":1,\"name\":\"Home\",\"item\":\"https:\\\/\\\/www.inmola.com\\\/tr\\\/\"},{\"@type\":\"ListItem\",\"position\":2,\"name\":\"\u0130leti\u015fim\"}]},{\"@type\":\"WebSite\",\"@id\":\"https:\\\/\\\/www.inmola.com\\\/tr\\\/#website\",\"url\":\"https:\\\/\\\/www.inmola.com\\\/tr\\\/\",\"name\":\"inMOLA\",\"description\":\"AI-Powered Marketing Decision Intelligence - Erkan Terzi\",\"potentialAction\":[{\"@type\":\"SearchAction\",\"target\":{\"@type\":\"EntryPoint\",\"urlTemplate\":\"https:\\\/\\\/www.inmola.com\\\/tr\\\/?s={search_term_string}\"},\"query-input\":{\"@type\":\"PropertyValueSpecification\",\"valueRequired\":true,\"valueName\":\"search_term_string\"}}],\"inLanguage\":\"tr\"}]}<\/script>\n<!-- \/ Yoast SEO plugin. -->","yoast_head_json":{"title":"\u0130leti\u015fim - inMOLA","robots":{"index":"index","follow":"follow","max-snippet":"max-snippet:-1","max-image-preview":"max-image-preview:large","max-video-preview":"max-video-preview:-1"},"canonical":"https:\/\/www.inmola.com\/tr\/iletisim\/","og_locale":"tr_TR","og_type":"article","og_title":"\u0130leti\u015fim - inMOLA","og_description":"\u0130leti\u015fime Ge\u00e7in! Pazarlama kararlar\u0131n\u0131z daha iyi veri de\u011ferlendirmelerini hak ediyor.inMOLA&#8217;n\u0131n markan\u0131z i\u00e7in neleri de\u011fi\u015ftirebilece\u011fini birlikte konu\u015fal\u0131m! Merkez Ofis: Bester Media Teknolojileri, \u0130stanbul, Sar\u0131yer, T\u00fcrkiye Amerika Ofisi \/ Newyork: Steve McNamara \/ ABD Y\u00f6netici Orta\u011f\u0131 eposta: stevemcnamara@bestermedia.com Lokasyonlar Ayaza\u011fa Mah. Azerbaycan Cad. 2B Ofis No:3K \u0130\u00e7 Kap\u0131 No:13 Kat:2, Sar\u0131yer, \u0130stanbul, T\u00fcrkiye Maslak mah. Sanatkarlar sok....","og_url":"https:\/\/www.inmola.com\/tr\/iletisim\/","og_site_name":"inMOLA","article_modified_time":"2026-04-23T16:04:18+00:00","og_image":[{"width":1000,"height":627,"url":"https:\/\/www.inmola.com\/wp-content\/uploads\/2026\/04\/Bester_Media.jpg","type":"image\/jpeg"}],"twitter_card":"summary_large_image","twitter_misc":{"Tahmini okuma s\u00fcresi":"1 dakika"},"schema":{"@context":"https:\/\/schema.org","@graph":[{"@type":"WebPage","@id":"https:\/\/www.inmola.com\/tr\/iletisim\/","url":"https:\/\/www.inmola.com\/tr\/iletisim\/","name":"\u0130leti\u015fim - inMOLA","isPartOf":{"@id":"https:\/\/www.inmola.com\/tr\/#website"},"primaryImageOfPage":{"@id":"https:\/\/www.inmola.com\/tr\/iletisim\/#primaryimage"},"image":{"@id":"https:\/\/www.inmola.com\/tr\/iletisim\/#primaryimage"},"thumbnailUrl":"https:\/\/www.inmola.com\/wp-content\/uploads\/2026\/04\/Bester_Media.jpg","datePublished":"2026-04-16T20:44:25+00:00","dateModified":"2026-04-23T16:04:18+00:00","breadcrumb":{"@id":"https:\/\/www.inmola.com\/tr\/iletisim\/#breadcrumb"},"inLanguage":"tr","potentialAction":[{"@type":"ReadAction","target":["https:\/\/www.inmola.com\/tr\/iletisim\/"]}]},{"@type":"ImageObject","inLanguage":"tr","@id":"https:\/\/www.inmola.com\/tr\/iletisim\/#primaryimage","url":"https:\/\/www.inmola.com\/wp-content\/uploads\/2026\/04\/Bester_Media.jpg","contentUrl":"https:\/\/www.inmola.com\/wp-content\/uploads\/2026\/04\/Bester_Media.jpg"},{"@type":"BreadcrumbList","@id":"https:\/\/www.inmola.com\/tr\/iletisim\/#breadcrumb","itemListElement":[{"@type":"ListItem","position":1,"name":"Home","item":"https:\/\/www.inmola.com\/tr\/"},{"@type":"ListItem","position":2,"name":"\u0130leti\u015fim"}]},{"@type":"WebSite","@id":"https:\/\/www.inmola.com\/tr\/#website","url":"https:\/\/www.inmola.com\/tr\/","name":"inMOLA","description":"AI-Powered Marketing Decision Intelligence - Erkan Terzi","potentialAction":[{"@type":"SearchAction","target":{"@type":"EntryPoint","urlTemplate":"https:\/\/www.inmola.com\/tr\/?s={search_term_string}"},"query-input":{"@type":"PropertyValueSpecification","valueRequired":true,"valueName":"search_term_string"}}],"inLanguage":"tr"}]}},"_links":{"self":[{"href":"https:\/\/www.inmola.com\/tr\/wp-json\/wp\/v2\/pages\/18938","targetHints":{"allow":["GET"]}}],"collection":[{"href":"https:\/\/www.inmola.com\/tr\/wp-json\/wp\/v2\/pages"}],"about":[{"href":"https:\/\/www.inmola.com\/tr\/wp-json\/wp\/v2\/types\/page"}],"author":[{"embeddable":true,"href":"https:\/\/www.inmola.com\/tr\/wp-json\/wp\/v2\/users\/1"}],"replies":[{"embeddable":true,"href":"https:\/\/www.inmola.com\/tr\/wp-json\/wp\/v2\/comments?post=18938"}],"version-history":[{"count":4,"href":"https:\/\/www.inmola.com\/tr\/wp-json\/wp\/v2\/pages\/18938\/revisions"}],"predecessor-version":[{"id":18945,"href":"https:\/\/www.inmola.com\/tr\/wp-json\/wp\/v2\/pages\/18938\/revisions\/18945"}],"wp:attachment":[{"href":"https:\/\/www.inmola.com\/tr\/wp-json\/wp\/v2\/media?parent=18938"}],"curies":[{"name":"wp","href":"https:\/\/api.w.org\/{rel}","templated":true}]}}